{"id":10,"date":"2024-06-02T15:09:51","date_gmt":"2024-06-02T15:09:51","guid":{"rendered":"https:\/\/bennylus.com\/?page_id=10"},"modified":"2026-03-14T17:47:42","modified_gmt":"2026-03-14T15:47:42","slug":"refund_returns","status":"publish","type":"page","link":"https:\/\/bennylus.com\/ro_ro\/refund_returns\/","title":{"rendered":"Livrare \u0219i Retur"},"content":{"rendered":"<h2 class=\"wp-block-heading\">Livrare<\/h2>\n\n\n\n<p style=\"padding-top:var(--wp--preset--spacing--10);padding-bottom:var(--wp--preset--spacing--10)\">Livrarea se realizeaz\u0103 prin Curier \u00een termen de 2 - maxim 4 zile lucr\u0103toare, la adresa indicat\u0103 \u00een momentul plas\u0103rii comenzii. <\/p>\n\n\n\n<p>Pentru comenzile din categoria Pentru Creatori, termenul de livrare poate fi mai lung, in cazul in care produsele nu sunt pe stoc. In acest caz, termenul de livrare este de 5-6 zile lucratoare.<\/p>\n\n\n\n<figure class=\"wp-block-table\"><table><tbody><tr><td>Destinatie<\/td><td>Pret<\/td><\/tr><tr><td>&nbsp;Rom\u00e2nia (orders under 100&nbsp;lei)<\/td><td>19 lei<\/td><\/tr><tr><td>&nbsp;Rom\u00e2nia (orders over 100 lei)&nbsp;&nbsp;<\/td><td>0 lei&nbsp;<\/td><\/tr><tr><td> Ridicare personala de la sediu<\/td><td>0 lei&nbsp;<\/td><\/tr><tr><td> International<\/td><td>pretul este calculat in functie de adresa de livrare<\/td><\/tr><\/tbody><\/table><\/figure>\n\n\n\n<p style=\"padding-top:var(--wp--preset--spacing--10);padding-bottom:var(--wp--preset--spacing--10)\">Livram in toata lumea, asadar asigura-te ca datele de livrare sunt completate corespunzator pentru a afla pretul final al livrarii.<\/p>\n\n\n\n<p><\/p>\n\n\n\n<p style=\"padding-top:var(--wp--preset--spacing--10);padding-bottom:var(--wp--preset--spacing--10)\">Dac\u0103 optezi pentru ridicarea personal\u0103, comanda poate fi ridicat\u0103 de la sediul nostru: calea Chisinaului, nr. 22G, bl C4, sc. A, Iasi. Dup\u0103 confirmarea \u0219i preg\u0103tirea comenzii, urmeaz\u0103 s\u0103 te contact\u0103m pentru a stabili data \u0219i ora potrivit\u0103 pentru ridicare.<\/p>\n\n\n\n<p style=\"padding-top:var(--wp--preset--spacing--10);padding-bottom:var(--wp--preset--spacing--10)\"><\/p>\n\n\n\n<p>La primire, te rug\u0103m s\u0103 verifici integritatea coletului \u0219i, dac\u0103 exist\u0103 urme de lovire sau deteriorare, te rug\u0103m s\u0103-l refuzi.<\/p>\n\n\n\n<h2 class=\"wp-block-heading\" style=\"padding-top:var(--wp--preset--spacing--20);padding-bottom:var(--wp--preset--spacing--20)\">Retur<\/h2>\n\n\n\n<p style=\"padding-top:var(--wp--preset--spacing--10);padding-bottom:var(--wp--preset--spacing--10)\">Conform legii nr. 449\/2003 \u0219i a Ordonan\u0163ei de urgen\u0163\u0103 nr. 34\/2014 ai la dispozi\u021bie 14 zile calendaristice, de la primirea coletului, s\u0103 te r\u0103zg\u00e2nde\u0219ti.<\/p>\n\n\n\n<p class=\"translation-block\">Produsele personalizate realizate dup\u0103 specifica\u021biile clientului sunt exceptate de la dreptul de retragere conform art. 16 lit. c) din OUG 34\/2014.<\/p>\n\n\n\n<p style=\"padding-top:var(--wp--preset--spacing--10);padding-bottom:var(--wp--preset--spacing--10)\">Pentru produsele returnate, rambursarea banilor se va realiza \u00een termen de 10 zile lucr\u0103toare de la recep\u021bionarea acestora.<\/p>\n\n\n\n<p><\/p>\n\n\n\n<p style=\"padding-top:var(--wp--preset--spacing--10);padding-bottom:var(--wp--preset--spacing--10)\">Taxa de transport pentru returnarea produsului o vei pl\u0103ti curierului odat\u0103 ce ajunge la tine. Produsele trebuie s\u0103 fie nefolosite \u0219i nedeteriorate, in ambalajul original. \u00cen cazul \u00een care produsele vor fi restituite, se va rambursa clientului doar pre\u021bul pl\u0103tit pentru produsele comandate, f\u0103r\u0103 costurile de transport. <\/p>\n\n\n\n<p><\/p>\n\n\n\n<p style=\"padding-top:var(--wp--preset--spacing--10);padding-bottom:var(--wp--preset--spacing--10)\">Costurile de transport vor fi suportate integral de c\u0103tre client, iar \u00een cazul unui retur, acestea nu vor fi rambursate clientului.<\/p>\n\n\n\n<p><\/p>\n\n\n\n<p style=\"padding-top:var(--wp--preset--spacing--10);padding-bottom:var(--wp--preset--spacing--10)\">Pentru detalii despre procesul de returnare produse ne poti contacta la adresa de email contact.bennylus@gmail.com sau la numarul de telefon +40748645124<\/p>\n\n\n\n<p><strong>Date de identificare companie \u0219i contact:<\/strong><\/p>\n\n\n\n<p style=\"padding-top:var(--wp--preset--spacing--10);padding-bottom:var(--wp--preset--spacing--10)\">bennylus.com este reprezentat prin Frunza Luiza Persoana Fizica Autorizata, cu sediul \u00een Iasi, calea Chisinaului nr 22G bl C4 sc A.<\/p>\n\n\n\n<p style=\"padding-top:var(--wp--preset--spacing--10);padding-bottom:var(--wp--preset--spacing--10)\">CUI: 50115910<\/p>\n\n\n\n<p style=\"padding-top:var(--wp--preset--spacing--10);padding-bottom:var(--wp--preset--spacing--10)\">Bank account: RO87 REVO 0000 1155 4155 9342, opened at Revolut Bank UAB<\/p>","protected":false},"excerpt":{"rendered":"<p>Shipping Shipping is done via Courier, within 2 &#8211; 4 working days, to the address provided at the time of placing the order. For orders from the For Makers category, the shipping time can be longer, if the products need to be created. But no longer than 5-6 working days. Destination Price &nbsp;Rom\u00e2nia (orders under [&hellip;]<\/p>\n","protected":false},"author":1,"featured_media":0,"parent":0,"menu_order":6,"comment_status":"closed","ping_status":"closed","template":"","meta":{"_monsterinsights_skip_tracking":false,"_monsterinsights_sitenote_active":false,"_monsterinsights_sitenote_note":"","_monsterinsights_sitenote_category":0,"footnotes":""},"class_list":["post-10","page","type-page","status-publish","hentry"],"aioseo_notices":[],"jetpack_sharing_enabled":true,"_links":{"self":[{"href":"https:\/\/bennylus.com\/ro_ro\/wp-json\/wp\/v2\/pages\/10","targetHints":{"allow":["GET"]}}],"collection":[{"href":"https:\/\/bennylus.com\/ro_ro\/wp-json\/wp\/v2\/pages"}],"about":[{"href":"https:\/\/bennylus.com\/ro_ro\/wp-json\/wp\/v2\/types\/page"}],"author":[{"embeddable":true,"href":"https:\/\/bennylus.com\/ro_ro\/wp-json\/wp\/v2\/users\/1"}],"replies":[{"embeddable":true,"href":"https:\/\/bennylus.com\/ro_ro\/wp-json\/wp\/v2\/comments?post=10"}],"version-history":[{"count":25,"href":"https:\/\/bennylus.com\/ro_ro\/wp-json\/wp\/v2\/pages\/10\/revisions"}],"predecessor-version":[{"id":4566,"href":"https:\/\/bennylus.com\/ro_ro\/wp-json\/wp\/v2\/pages\/10\/revisions\/4566"}],"wp:attachment":[{"href":"https:\/\/bennylus.com\/ro_ro\/wp-json\/wp\/v2\/media?parent=10"}],"curies":[{"name":"wp","href":"https:\/\/api.w.org\/{rel}","templated":true}]}}