{"id":186,"date":"2024-06-04T15:27:16","date_gmt":"2024-06-04T15:27:16","guid":{"rendered":"https:\/\/bennylus.com\/?page_id=186"},"modified":"2024-06-24T08:19:46","modified_gmt":"2024-06-24T08:19:46","slug":"politica-de-confidentialitat","status":"publish","type":"page","link":"https:\/\/bennylus.com\/ro_ro\/politica-de-confidentialitat\/","title":{"rendered":"Politic\u0103 de Confiden\u021bialitate"},"content":{"rendered":"<h4 class=\"wp-block-heading\">Politica GDPR<\/h4>\n\n\n\n<p><strong>Defini\u021bii<\/strong><\/p>\n\n\n\n<p><strong>1. Date cu caracter personal<\/strong>&nbsp;&#8211; orice informa\u021bii privind o persoan\u0103 fizic\u0103 identificat\u0103 sau identificabil\u0103 (\u201epersoan\u0103 vizat\u0103\u201d); o persoan\u0103 fizic\u0103 identificabil\u0103 este o persoan\u0103 care poate fi identificat\u0103, direct sau indirect, \u00een special prin referire la un element de identificare, cum ar fi un nume, un num\u0103r de identificare, date de localizare, un identificator online, sau la unul sau mai multe elemente specifice, proprii identit\u0103\u021bii sale fizice, fiziologice, genetice, psihice, economice, culturale sau sociale.<\/p>\n\n\n\n<p><strong>2. Prelucrare<\/strong>&nbsp;&#8211; orice opera\u021biune sau set de opera\u021biuni efectuate asupra datelor cu caracter personal sau asupra seturilor de date cu caracter personal, cu sau f\u0103r\u0103 utilizarea de mijloace automatizate, cum ar fi colectarea, \u00eenregistrarea, organizarea, structurarea, stocarea, adaptarea sau modificarea, extragerea, consultarea, utilizarea, divulgarea prin transmitere, diseminarea sau punerea la dispozi\u021bie \u00een orice alt mod, alinierea sau combinarea, restric\u021bionarea, \u0219tergerea sau distrugerea;<\/p>\n\n\n\n<p><strong>3.&nbsp;Operator<\/strong>&nbsp;\u2013 orice persoan\u0103 fizic\u0103 sau juridic\u0103, autoritatea public\u0103, agen\u021bia sau alt organism care, singur sau \u00eempreun\u0103 cu altele, stabile\u0219te scopurile \u0219i mijloacele de prelucrare a datelor cu caracter personal; atunci c\u00e2nd scopurile \u0219i mijloacele prelucr\u0103rii sunt stabilite prin dreptul Uniunii sau dreptul intern, operatorul sau criteriile specifice pentru desemnarea acestuia pot fi prev\u0103zute \u00een dreptul Uniunii sau \u00een dreptul intern;<\/p>\n\n\n\n<p><strong>4. Persoan\u0103 \u00eemputernicit\u0103<\/strong>&nbsp;\u2013 orice persoan\u0103 fizic\u0103 sau juridic\u0103, autoritatea public\u0103, agen\u021bia sau alt organism care prelucreaz\u0103 datele cu caracter personal \u00een numele operatorului;<\/p>\n\n\n\n<p>Confiden\u021bialitatea datelor vizitatorilor este foarte important\u0103 pentru noi \u0219i ne angaj\u0103m s\u0103 o protej\u0103m conform regulamentului (UE) 2016\/679 al Parlamentului European si al Consiliului din 27 aprilie 2016 referitor la protectia persoanelor fizice in ceea ce priveste prelucrarea datelor cu caracter personal si privind libera circulatiei a acestor date si de abrogare a Directivei 95\/46\/CE,. Aceast\u0103 politic\u0103 explic\u0103 ce facem cu informa\u021biile tale personale.<\/p>\n\n\n\n<p><strong>Ce fel de informa\u021bii colect\u0103m \u0219i cum le folosim?<\/strong><\/p>\n\n\n\n<p>1) adresa de e-mail, necesar\u0103 pentru a-\u021bi crea contul<\/p>\n\n\n\n<p>2) nume \u0219i prenume, necesare pentru a crea factura fiscala<\/p>\n\n\n\n<p>3) adresa de livrare, necesar\u0103 pentru livrarea produselor \u0219i pentru a crea factura fiscala<\/p>\n\n\n\n<p>4) num\u0103rul de telefon, necesar pentru a fi contactat(\u0103) telefonic pentru a stabili detaliile unei comenzi<\/p>\n\n\n\n<p>Dac\u0103 e\u0219ti rezident european, ai dreptul s\u0103 accesezi informa\u021biile personale pe care le de\u021binem despre tine \u0219i s\u0103 ceri corectarea, actualizarea sau \u0219tergerea informa\u021biilor tale personale. Dac\u0103 dore\u0219ti s\u0103 \u00ee\u021bi&nbsp; exerci\u021bi acest drept, te rug\u0103m s\u0103 ne contactezi prin intermediul informa\u021biilor de contact.<\/p>\n\n\n\n<p>\u00cen momentul cre\u0103rii unui cont de utilizator pe site-ul nostru, www.bennylus.com \u00ee\u021bi solicit\u0103m \u0219i colect\u0103m urm\u0103toarele date: nume, prenume, adres\u0103, num\u0103r de telefon \u0219i adres\u0103 de e-mail.<\/p>\n\n\n\n<p>Aceste date cu caracter personal ne sunt necesare \u00een scop precontractual, pentru a \u00ee\u021bi putea permite s\u0103 accesa\u021bi produsele noastre \u0219i pentru a putea efectua o comand\u0103, temeiul prelucr\u0103rii fiind obliga\u021bia contractual\u0103. \u00cen m\u0103sura \u00een care nu e\u0219ti de acord cu prelucrarea datelor tale personale,  nu vom putea onora \u0219i livra comenzile pe care le-ai plasat.<\/p>\n\n\n\n<p>Acest site con\u0163ine link-uri c\u0103tre alte site-uri. Nu suntem responsabili de politica de confiden\u0163ialitate practicat\u0103 de acestea. \u00ce\u021bi recomand\u0103m consultarea \u00een prealabil a termenilor legali \u015fi a celorlalte informa\u0163ii referitoare la colectarea informa\u0163iilor cu caracter personal. Normele expuse \u00een acest text se aplic\u0103 doar \u00een cazul informa\u0163iilor colectate pe acest site.<\/p>\n\n\n\n<h4 class=\"wp-block-heading\" style=\"font-size:clamp(0.875rem, 0.875rem + ((1vw - 0.2rem) * 4.25), 1.3rem);\"><strong>Politica de utilizare cookies<\/strong><\/h4>\n\n\n\n<p>Un &#8220;internet Cookie&#8221; (termen cunoscut si sub denumirea de &#8220;browser cookie&#8221; sau &#8220;HTTP cookie&#8221; ori pur si simplu &#8220;cookie&#8221;) reprezinta un fisier de mici dimensiuni, format din litere si numere, care va fi stocat pe computerul, terminalul mobil sau pe alte echipamente ale unui utilizator prin intermediul carora se acceseaza internetul.<\/p>\n\n\n\n<p>Cookie-urile sunt instalate prin solicitarea emisa de un web-server catre un browser (de ex. Internet Explorer, Firefox, Chrome).<\/p>\n\n\n\n<p>Cookie-urile odata instalate au o durata de existenta determinata, ramanand &#8220;pasive&#8221;, in sensul ca nu contin programe software, virusi sau spyware si nu vor accesa informatiile de pe hard driverul utilizatorului pe al carui echipament au fost instalate.<\/p>\n\n\n\n<p>Un cookie este format din doua parti: numele cookie-ului si continutul \/ valoarea cookie-ului.<\/p>\n\n\n\n<p>Din punct de vedere tehnic, doar web-serverul care a trimis cookie-ul il poate accesa din nou in momentul in care un utilizator se intoarce pe pagina de internet asociata web-serverului respectiv.<\/p>\n\n\n\n<p>Site-ul www.bennylus.com folose\u015fte cookie-uri, acestea fiind date stocate pe hard disk-ul utilizatorului, con\u0163in\u00e2nd informa\u0163ii despre acesta. Folosirea mecanismului de tip cookie reprezint\u0103 un avantaj \u00een folosul vizitatorilor, acesta permi\u0163\u00e2nd memorarea unor op\u0163iuni de navigare \u00een site precum limba \u00een care se afi\u015feaz\u0103 site-ul, tip de filtre care se aplic\u0103 la afi\u015farea unor anumite pagini, memorarea numelui de utilizator \u015fi a parolei pentru un acces rapid la con\u0163inutul site-ului. Neacceptarea unui cookie nu \u00eenseamn\u0103 c\u0103 utilizatorului \u00eei va fi refuzat accesul de navigare \u00een site sau de citire a con\u0163inutului acestuia. Cu ajutorul cookie-urilor, proprietarii de site-uri pot monitoriza \u015fi segmenta interesele utilizatorilor fa\u0163\u0103 de anumite zone sau aplica\u0163ii ale site-ului, fapt care le permite ulterior \u00eembun\u0103t\u0103\u0163irea experin\u0163ei de navigare, introducerea unui con\u0163inut relevant pentru utilizator etc. Unii dintre partenerii no\u015ftri de afaceri folosesc cookie-uri pe site-ul nostru (ex: cei care \u00ee\u015fi fac publicitate). Cu toate acestea, nu avem acces \u015fi nici nu putem controla aceste cookie-uri.<\/p>\n\n\n\n<p>Aceste fi\u0219iere cookie ne permit s\u0103 salv\u0103m adresa ta de e-mail, astfel \u00eenc\u00e2t s\u0103 fii recunoscut \u0219i logat automat la urm\u0103toarea ta vizit\u0103.<\/p>\n\n\n\n<p>Alte cookie-uri utilizate sunt cele pentru folosirea uneltelor &#8211; Google Analytics &#8211; \u0219i &#8211; Facebook Pixel -. Folosim aceste unelte pentru a analiza \u00een mod anonim traficul de pe site. Google \/ Facebook nu ne comunic\u0103 datele personale ale userilor care ne acceseaza site-ul iar noi nu le comunic\u0103m lor datele personale introduse de clien\u021bi pe site-ul nostru.&nbsp;<\/p>\n\n\n\n<p>Bine\u00een\u021beles c\u0103 po\u021bi accesa pagina noastr\u0103 web \u0219i f\u0103r\u0103 cookies.<\/p>\n\n\n\n<p>\u00cen cazul \u00een care nu dore\u0219ti s\u0103 recunoa\u0219tem computerul t\u0103u, po\u021bi s\u0103 \u00eempiedici stocarea de cookies pe hard discul t\u0103u prin dezactivarea stoc\u0103rilor de cookies \u00een set\u0103rile browser-ului pe care \u00eel utilizezi. Po\u021bi consulta modul detaliat de func\u021bionare \u00een instruc\u021biunile browser-ului t\u0103u. Dac\u0103 nu accep\u021bi cookies, aceast\u0103 op\u021biune poate conduce la limit\u0103ri func\u021bionale ale ofertelor noastre.<\/p>\n\n\n\n<p>Dezactivarea si refuzul de a primi cookie-uri pot face aceasta pagina de internet dificil de vizitat, atragand dupa sine limitari ale posibilitatilor de utilizare ale acesteia.<\/p>\n\n\n\n<p>Pentru a intelege aceste setari, urmatoarele linkuri pot fi folositoare:<\/p>\n\n\n\n<p>&nbsp; &nbsp; \u2022&nbsp;<a href=\"https:\/\/support.google.com\/chrome\/answer\/95647?hl=ro&amp;p=cpn_cookies\" target=\"_blank\" rel=\"noreferrer noopener\">Setari Cookie pentru Google Chrome<\/a><\/p>\n\n\n\n<p>&nbsp; &nbsp; \u2022&nbsp;<a href=\"https:\/\/support.mozilla.org\/ro\/kb\/activarea-si-dezactivarea-cookie-urilor\" target=\"_blank\" rel=\"noreferrer noopener\">Setari Cookie pentru Mozilla Firefox<\/a><\/p>\n\n\n\n<p>&nbsp; &nbsp; \u2022&nbsp;<a href=\"https:\/\/support.apple.com\/ro-ro\/guide\/safari\/sfri11471\/mac\" target=\"_blank\" rel=\"noreferrer noopener\">Setari Cookie pentru Apple Safari<\/a><\/p>\n\n\n\n<p>&nbsp; &nbsp; \u2022&nbsp;<a href=\"https:\/\/support.microsoft.com\/ro-ro\/help\/17442\/windows-internet-explorer-delete-manage-cookies\" target=\"_blank\" rel=\"noreferrer noopener\">Setari Cookie pentru Microsoft Internet Explorer<\/a><\/p>\n\n\n\n<p>Orice schimbare a termenilor prezentei politici va fi comunicat\u0103 c\u0103tre utilizatori prin e-mail, astfel \u00eenc\u00e2t ace\u015ftia s\u0103 fie permanent informa\u0163i cu privire la informa\u0163iile pe care le colect\u0103m, cum le utiliz\u0103m \u015fi \u00een ce circumstan\u0163e, dac\u0103 exist\u0103, le facem publice. Utilizatorii vor putea s\u0103 fie sau nu de acord cu utilizarea informa\u0163iilor \u00een alte scopuri. Vom utiliza informa\u0163iile \u00een concordan\u0163\u0103 cu politica sub care au fost culese informa\u0163iile.<\/p>\n\n\n\n<p>Prezenta informare a ta este limitat\u0103 la pagina noastr\u0103 web \u0219i nu este valabil\u0103 pentru paginile web ale operatorilor ter\u021bi, care pot fi accesate prin intermediul acestei pagini web. Nu avem nicio influen\u021b\u0103 asupra prelucr\u0103rii datelor de c\u0103tre ace\u0219ti operatori ter\u021b \u0219i nu ne asum\u0103m nicio responsabilitate sau r\u0103spundere \u00een leg\u0103tur\u0103 cu aceste pagini web.<\/p>","protected":false},"excerpt":{"rendered":"<p>Politica GDPR Defini\u021bii 1. Date cu caracter personal&nbsp;&#8211; orice informa\u021bii privind o persoan\u0103 fizic\u0103 identificat\u0103 sau identificabil\u0103 (\u201epersoan\u0103 vizat\u0103\u201d); o persoan\u0103 fizic\u0103 identificabil\u0103 este o persoan\u0103 care poate fi identificat\u0103, direct sau indirect, \u00een special prin referire la un element de identificare, cum ar fi un nume, un num\u0103r de identificare, date de localizare, un [&hellip;]<\/p>\n","protected":false},"author":1,"featured_media":0,"parent":0,"menu_order":5,"comment_status":"closed","ping_status":"closed","template":"","meta":{"_monsterinsights_skip_tracking":false,"_monsterinsights_sitenote_active":false,"_monsterinsights_sitenote_note":"","_monsterinsights_sitenote_category":0,"footnotes":""},"class_list":["post-186","page","type-page","status-publish","hentry"],"aioseo_notices":[],"jetpack_sharing_enabled":true,"_links":{"self":[{"href":"https:\/\/bennylus.com\/ro_ro\/wp-json\/wp\/v2\/pages\/186","targetHints":{"allow":["GET"]}}],"collection":[{"href":"https:\/\/bennylus.com\/ro_ro\/wp-json\/wp\/v2\/pages"}],"about":[{"href":"https:\/\/bennylus.com\/ro_ro\/wp-json\/wp\/v2\/types\/page"}],"author":[{"embeddable":true,"href":"https:\/\/bennylus.com\/ro_ro\/wp-json\/wp\/v2\/users\/1"}],"replies":[{"embeddable":true,"href":"https:\/\/bennylus.com\/ro_ro\/wp-json\/wp\/v2\/comments?post=186"}],"version-history":[{"count":4,"href":"https:\/\/bennylus.com\/ro_ro\/wp-json\/wp\/v2\/pages\/186\/revisions"}],"predecessor-version":[{"id":731,"href":"https:\/\/bennylus.com\/ro_ro\/wp-json\/wp\/v2\/pages\/186\/revisions\/731"}],"wp:attachment":[{"href":"https:\/\/bennylus.com\/ro_ro\/wp-json\/wp\/v2\/media?parent=186"}],"curies":[{"name":"wp","href":"https:\/\/api.w.org\/{rel}","templated":true}]}}