{"id":1834,"date":"2025-05-04T16:21:21","date_gmt":"2025-05-04T14:21:21","guid":{"rendered":"https:\/\/bennylus.com\/?post_type=product&#038;p=1834"},"modified":"2025-11-16T09:29:53","modified_gmt":"2025-11-16T07:29:53","slug":"texture-roller-9-flowers","status":"publish","type":"product","link":"https:\/\/bennylus.com\/ro_ro\/produs\/texture-roller-9-flowers\/","title":{"rendered":"Roller Textura #9 Flori"},"content":{"rendered":"","protected":false},"excerpt":{"rendered":"<p>Creeaz\u0103 texturi uimitoare pe proiectele tale din lut polimeric cu acest roller texturat imprimat 3D de \u00eenalt\u0103 calitate! Conceput pentru a fi u\u0219or de utilizat, este perfect pentru realizarea de bijuterii, accesorii \u0219i alte proiecte creative din lut polimeric. Pur \u0219i simplu ruleaz\u0103-l peste lut pentru a ob\u021bine modele detaliate \u0219i uniforme f\u0103r\u0103 efort.<\/p>\n<p>\u2728 Caracteristici:<br \/>\u2714\ufe0f Perfect pentru Lut Polimeric \u2013 Ideal pentru confec\u021bionarea bijuteriilor, cerceilor, pandantivelor \u0219i multe altele.<br \/>\u2714\ufe0f Precizie Imprimat\u0103 3D \u2013 Asigur\u0103 texturi clare \u0219i bine definite de fiecare dat\u0103.<br \/>\u2714\ufe0f Utilizare Versatil\u0103 \u2013 Excelent pentru alte proiecte de modelare \u0219i art\u0103 mixt\u0103.<br \/>\u2714\ufe0f Dimensiuni Personalizabile \u2013 Ai nevoie de o dimensiune diferit\u0103? Contacteaz\u0103-ne, \u0219i \u00ee\u021bi vom crea un roller personalizat!<\/p>\n<p><em>Materiale:<\/em>\u00a0PLA<br \/><em>Lungime: <\/em>8\u00a0cm<br \/><em>Diametru<\/em>: 2.8cm<\/p>","protected":false},"featured_media":4342,"template":"","meta":{"_monsterinsights_skip_tracking":false,"_monsterinsights_sitenote_active":false,"_monsterinsights_sitenote_note":"","_monsterinsights_sitenote_category":0},"product_brand":[],"product_cat":[45,44],"product_tag":[],"class_list":{"0":"post-1834","1":"product","2":"type-product","3":"status-publish","4":"has-post-thumbnail","6":"product_cat-for-makers","7":"product_cat-texture-rollers","9":"first","10":"instock","11":"shipping-taxable","12":"purchasable","13":"product-type-simple"},"aioseo_notices":[],"jetpack_sharing_enabled":true,"_links":{"self":[{"href":"https:\/\/bennylus.com\/ro_ro\/wp-json\/wp\/v2\/product\/1834","targetHints":{"allow":["GET"]}}],"collection":[{"href":"https:\/\/bennylus.com\/ro_ro\/wp-json\/wp\/v2\/product"}],"about":[{"href":"https:\/\/bennylus.com\/ro_ro\/wp-json\/wp\/v2\/types\/product"}],"wp:featuredmedia":[{"embeddable":true,"href":"https:\/\/bennylus.com\/ro_ro\/wp-json\/wp\/v2\/media\/4342"}],"wp:attachment":[{"href":"https:\/\/bennylus.com\/ro_ro\/wp-json\/wp\/v2\/media?parent=1834"}],"wp:term":[{"taxonomy":"product_brand","embeddable":true,"href":"https:\/\/bennylus.com\/ro_ro\/wp-json\/wp\/v2\/product_brand?post=1834"},{"taxonomy":"product_cat","embeddable":true,"href":"https:\/\/bennylus.com\/ro_ro\/wp-json\/wp\/v2\/product_cat?post=1834"},{"taxonomy":"product_tag","embeddable":true,"href":"https:\/\/bennylus.com\/ro_ro\/wp-json\/wp\/v2\/product_tag?post=1834"}],"curies":[{"name":"wp","href":"https:\/\/api.w.org\/{rel}","templated":true}]}}