{"id":2992,"date":"2025-08-08T10:51:35","date_gmt":"2025-08-08T08:51:35","guid":{"rendered":"https:\/\/bennylus.com\/?post_type=product&#038;p=2992"},"modified":"2025-08-08T13:21:55","modified_gmt":"2025-08-08T11:21:55","slug":"tenira-earrings-rhomb","status":"publish","type":"product","link":"https:\/\/bennylus.com\/ro_ro\/produs\/tenira-earrings-rhomb\/","title":{"rendered":"Cercei Tenira - Romb"},"content":{"rendered":"","protected":false},"excerpt":{"rendered":"<p>Inelele noastre handmade adaug\u0103 o not\u0103 de elegan\u021b\u0103 momentelor tale de zi cu zi, combin\u00e2nd frumuse\u021bea cu durabilitatea. Design-ul ajustabil face ca toata lumea sa il poata purta.<br \/>Fiecare inel, delicat lucrat, este o pies\u0103 unic\u0103 de art\u0103 care \u00ee\u021bi \u00eenfrumuse\u021beaz\u0103 tinutele preferate.<br \/>U\u0219oare \u0219i rezistente, sunt create s\u0103 dureze \u0219i s\u0103 fac\u0103 fiecare zi mai special\u0103.<\/p>\n<p><em>Materiale:<\/em>\u00a0otel inoxidabil<br \/>Lungime: 3.5 cm<\/p>\n<p>Deoarece sunt produse handmade, creatiile noastre pot avea mici imperfectiuni, dar promitem ca sunt perfecte in continuare. Tot ce inseamna acest lucru este ca fiecare bijuterie este unica.<\/p>\n<p>Disclaimer: culorile produselor noastre pot fi putin diferite de ceea ce vedeti online. Acest lucru este determinat de setarile fiecarui dispozitiv. <\/p>","protected":false},"featured_media":2970,"template":"","meta":{"_monsterinsights_skip_tracking":false,"_monsterinsights_sitenote_active":false,"_monsterinsights_sitenote_note":"","_monsterinsights_sitenote_category":0},"product_brand":[],"product_cat":[28,49],"product_tag":[],"class_list":{"0":"post-2992","1":"product","2":"type-product","3":"status-publish","4":"has-post-thumbnail","6":"product_cat-cercei-lungi","7":"product_cat-vibra","9":"first","10":"instock","11":"shipping-taxable","12":"purchasable","13":"product-type-simple"},"aioseo_notices":[],"jetpack_sharing_enabled":true,"_links":{"self":[{"href":"https:\/\/bennylus.com\/ro_ro\/wp-json\/wp\/v2\/product\/2992","targetHints":{"allow":["GET"]}}],"collection":[{"href":"https:\/\/bennylus.com\/ro_ro\/wp-json\/wp\/v2\/product"}],"about":[{"href":"https:\/\/bennylus.com\/ro_ro\/wp-json\/wp\/v2\/types\/product"}],"wp:featuredmedia":[{"embeddable":true,"href":"https:\/\/bennylus.com\/ro_ro\/wp-json\/wp\/v2\/media\/2970"}],"wp:attachment":[{"href":"https:\/\/bennylus.com\/ro_ro\/wp-json\/wp\/v2\/media?parent=2992"}],"wp:term":[{"taxonomy":"product_brand","embeddable":true,"href":"https:\/\/bennylus.com\/ro_ro\/wp-json\/wp\/v2\/product_brand?post=2992"},{"taxonomy":"product_cat","embeddable":true,"href":"https:\/\/bennylus.com\/ro_ro\/wp-json\/wp\/v2\/product_cat?post=2992"},{"taxonomy":"product_tag","embeddable":true,"href":"https:\/\/bennylus.com\/ro_ro\/wp-json\/wp\/v2\/product_tag?post=2992"}],"curies":[{"name":"wp","href":"https:\/\/api.w.org\/{rel}","templated":true}]}}