{"id":3504,"date":"2025-08-31T12:38:42","date_gmt":"2025-08-31T10:38:42","guid":{"rendered":"https:\/\/bennylus.com\/?post_type=product&#038;p=3504"},"modified":"2025-09-01T08:54:37","modified_gmt":"2025-09-01T06:54:37","slug":"maple-leaf-brooch-a","status":"publish","type":"product","link":"https:\/\/bennylus.com\/ro_ro\/produs\/maple-leaf-brooch-a\/","title":{"rendered":"Brosa Frunza Artar - A"},"content":{"rendered":"","protected":false},"excerpt":{"rendered":"<p>Bro\u0219ele \u0219i pin-urile noastre lucrate manual adaug\u0103 un farmec juc\u0103u\u0219 \u021binutelor tale de zi cu zi, \u00eembin\u00e2nd creativitatea cu durabilitatea.<br \/>Fiecare pies\u0103 este realizat\u0103 cu grij\u0103, transform\u00e2nd fiecare design \u00eentr-o mic\u0103 oper\u0103 de art\u0103 care se remarc\u0103.<br \/>U\u0219oare, dar rezistente, sunt create pentru a-\u021bi \u00eenveseli \u021binutele \u0219i a rezista la orice ocazie.<\/p>\n<p><em>Materiale:<\/em>\u00a0lut polimeric, otel inoxidabil<br \/>Dimensiune: 5.5 x 6.5 cm<\/p>\n<p>Deoarece sunt produse handmade, creatiile noastre pot avea mici imperfectiuni, dar promitem ca sunt perfecte in continuare. Tot ce inseamna acest lucru este ca fiecare bijuterie este unica.<\/p>\n<p>Disclaimer: culorile produselor noastre pot fi putin diferite de ceea ce vedeti online. Acest lucru este determinat de setarile fiecarui dispozitiv. <\/p>","protected":false},"featured_media":3505,"template":"","meta":{"_monsterinsights_skip_tracking":false,"_monsterinsights_sitenote_active":false,"_monsterinsights_sitenote_note":"","_monsterinsights_sitenote_category":0},"product_brand":[],"product_cat":[36,68],"product_tag":[],"class_list":{"0":"post-3504","1":"product","2":"type-product","3":"status-publish","4":"has-post-thumbnail","6":"product_cat-brose","7":"product_cat-toamna-2025","9":"first","10":"instock","11":"shipping-taxable","12":"purchasable","13":"product-type-simple"},"aioseo_notices":[],"jetpack_sharing_enabled":true,"_links":{"self":[{"href":"https:\/\/bennylus.com\/ro_ro\/wp-json\/wp\/v2\/product\/3504","targetHints":{"allow":["GET"]}}],"collection":[{"href":"https:\/\/bennylus.com\/ro_ro\/wp-json\/wp\/v2\/product"}],"about":[{"href":"https:\/\/bennylus.com\/ro_ro\/wp-json\/wp\/v2\/types\/product"}],"wp:featuredmedia":[{"embeddable":true,"href":"https:\/\/bennylus.com\/ro_ro\/wp-json\/wp\/v2\/media\/3505"}],"wp:attachment":[{"href":"https:\/\/bennylus.com\/ro_ro\/wp-json\/wp\/v2\/media?parent=3504"}],"wp:term":[{"taxonomy":"product_brand","embeddable":true,"href":"https:\/\/bennylus.com\/ro_ro\/wp-json\/wp\/v2\/product_brand?post=3504"},{"taxonomy":"product_cat","embeddable":true,"href":"https:\/\/bennylus.com\/ro_ro\/wp-json\/wp\/v2\/product_cat?post=3504"},{"taxonomy":"product_tag","embeddable":true,"href":"https:\/\/bennylus.com\/ro_ro\/wp-json\/wp\/v2\/product_tag?post=3504"}],"curies":[{"name":"wp","href":"https:\/\/api.w.org\/{rel}","templated":true}]}}