{"id":3700,"date":"2025-09-27T08:07:07","date_gmt":"2025-09-27T06:07:07","guid":{"rendered":"https:\/\/bennylus.com\/?post_type=product&#038;p=3700"},"modified":"2025-10-25T14:12:57","modified_gmt":"2025-10-25T12:12:57","slug":"stamp-1-merry-christmas","status":"publish","type":"product","link":"https:\/\/bennylus.com\/ro_ro\/produs\/stamp-1-merry-christmas\/","title":{"rendered":"Stampila #1 Merry Christmas"},"content":{"rendered":"","protected":false},"excerpt":{"rendered":"<p>Adaug\u0103 detalii perfecte proiectelor tale din lut polimeric cu aceast\u0103 \u0219tampil\u0103 de \u00eenalt\u0103 calitate, imprimat\u0103 3D! Proiectat\u0103 pentru precizie \u0219i u\u0219urin\u021b\u0103 \u00een utilizare, este perfect\u0103 pentru realizarea de bijuterii, pandantive \u0219i alte crea\u021bii unice din lut. Pur \u0219i simplu apas\u0103 \u0219tampila pe lut pentru a ob\u021bine amprente clare \u0219i uniforme de fiecare dat\u0103.<\/p>\n<p>\u2728 Caracteristici:<br \/>\u2714\ufe0f Perfect pentru Lut Polimeric \u2013 Ideal pentru confec\u021bionarea bijuteriilor, cerceilor, pandantivelor \u0219i multe altele.<br \/>\u2714\ufe0f Precizie Imprimat\u0103 3D \u2013 Asigur\u0103 texturi clare \u0219i bine definite de fiecare dat\u0103.<br \/>\u2714\ufe0f Utilizare Versatil\u0103 \u2013 Excelent pentru alte proiecte de modelare \u0219i art\u0103 mixt\u0103.<br \/>\u2714\ufe0f Dimensiuni Personalizabile \u2013 Ai nevoie de o dimensiune diferit\u0103? Contacteaz\u0103-ne, \u0219i \u00ee\u021bi vom crea un roller personalizat!<\/p>\n<p><em>Materiale:<\/em>\u00a0PLA<br \/><em>Lungime: <\/em>6.2\u00a0cm<br \/><em>Latime<\/em>: 3cm<\/p>","protected":false},"featured_media":3701,"template":"","meta":{"_monsterinsights_skip_tracking":false,"_monsterinsights_sitenote_active":false,"_monsterinsights_sitenote_note":"","_monsterinsights_sitenote_category":0},"product_brand":[],"product_cat":[45,69],"product_tag":[],"class_list":{"0":"post-3700","1":"product","2":"type-product","3":"status-publish","4":"has-post-thumbnail","6":"product_cat-for-makers","7":"product_cat-stamps","9":"first","10":"instock","11":"shipping-taxable","12":"purchasable","13":"product-type-simple"},"aioseo_notices":[],"jetpack_sharing_enabled":true,"_links":{"self":[{"href":"https:\/\/bennylus.com\/ro_ro\/wp-json\/wp\/v2\/product\/3700","targetHints":{"allow":["GET"]}}],"collection":[{"href":"https:\/\/bennylus.com\/ro_ro\/wp-json\/wp\/v2\/product"}],"about":[{"href":"https:\/\/bennylus.com\/ro_ro\/wp-json\/wp\/v2\/types\/product"}],"wp:featuredmedia":[{"embeddable":true,"href":"https:\/\/bennylus.com\/ro_ro\/wp-json\/wp\/v2\/media\/3701"}],"wp:attachment":[{"href":"https:\/\/bennylus.com\/ro_ro\/wp-json\/wp\/v2\/media?parent=3700"}],"wp:term":[{"taxonomy":"product_brand","embeddable":true,"href":"https:\/\/bennylus.com\/ro_ro\/wp-json\/wp\/v2\/product_brand?post=3700"},{"taxonomy":"product_cat","embeddable":true,"href":"https:\/\/bennylus.com\/ro_ro\/wp-json\/wp\/v2\/product_cat?post=3700"},{"taxonomy":"product_tag","embeddable":true,"href":"https:\/\/bennylus.com\/ro_ro\/wp-json\/wp\/v2\/product_tag?post=3700"}],"curies":[{"name":"wp","href":"https:\/\/api.w.org\/{rel}","templated":true}]}}